{"id":19,"date":"2019-10-14T15:36:54","date_gmt":"2019-10-14T13:36:54","guid":{"rendered":"http:\/\/triangle-solution.ch\/?page_id=19"},"modified":"2019-11-11T10:27:23","modified_gmt":"2019-11-11T09:27:23","slug":"qui-suis-je","status":"publish","type":"page","link":"http:\/\/triangle-solution.ch\/index.php\/qui-suis-je\/","title":{"rendered":"Qui suis-je?"},"content":{"rendered":"<p><strong>Yvon Jeanbourquin<br \/>\n<\/strong>Master en sciences et organisation de la sant\u00e9 (MAS-sant\u00e9)<\/p>\n<p>Mon <strong>parcours professionnel<\/strong> est une aventure humaine extraordinaire qui a permis d&rsquo;ouvrir ma vision \u00e0 de multiples d\u00e9fis dans :<\/p>\n<ul>\n<li>le secteur public et parapublic<\/li>\n<li>le monde des multinationales<\/li>\n<li>l\u2019industrie agro-alimentaire<\/li>\n<li>le secteur de la sant\u00e9<\/li>\n<li>l\u2019entrepreneuriat et l&rsquo;artisanat<\/li>\n<li>la direction des Ressources Humaines<\/li>\n<li>la gestion de projet<\/li>\n<li>le placement en personnel<\/li>\n<\/ul>\n<p><strong>Conseils d\u2019administration<br \/>\n<\/strong>Pr\u00e9sident et membre de plusieurs conseils d\u2019administration<\/p>\n<p><strong>Direction G\u00e9n\u00e9rale<br \/>\n<\/strong>Plus de 15 ans d\u2019exp\u00e9rience dans cette fonction<\/p>\n<p><strong>RH<br \/>\n<\/strong>Plus de 20 ans de management et de gestion des Ressources Humaines sous tous ses aspects<\/p>\n<p><strong>Gestion de projets<\/strong><br \/>\nNouvelles strat\u00e9gies, politiques et cultures d\u2019entreprise<br \/>\nProjet d&rsquo;envergure<\/p>\n<p><strong>Artisanat<br \/>\n<\/strong>Entrepreneur en paysagisme<\/p>\n<p>&nbsp;<\/p>\n","protected":false},"excerpt":{"rendered":"<p>Yvon Jeanbourquin Master en sciences et organisation de la sant\u00e9 (MAS-sant\u00e9) Mon parcours professionnel est une aventure humaine extraordinaire qui a permis d&rsquo;ouvrir ma vision \u00e0 de multiples d\u00e9fis dans : le secteur public et parapublic le monde des multinationales l\u2019industrie agro-alimentaire le secteur de la sant\u00e9 l\u2019entrepreneuriat et l&rsquo;artisanat la direction des Ressources Humaines [&hellip;]<\/p>\n","protected":false},"author":1,"featured_media":0,"parent":0,"menu_order":5,"comment_status":"closed","ping_status":"closed","template":"","meta":{"footnotes":""},"class_list":["post-19","page","type-page","status-publish","hentry"],"_links":{"self":[{"href":"http:\/\/triangle-solution.ch\/index.php\/wp-json\/wp\/v2\/pages\/19","targetHints":{"allow":["GET"]}}],"collection":[{"href":"http:\/\/triangle-solution.ch\/index.php\/wp-json\/wp\/v2\/pages"}],"about":[{"href":"http:\/\/triangle-solution.ch\/index.php\/wp-json\/wp\/v2\/types\/page"}],"author":[{"embeddable":true,"href":"http:\/\/triangle-solution.ch\/index.php\/wp-json\/wp\/v2\/users\/1"}],"replies":[{"embeddable":true,"href":"http:\/\/triangle-solution.ch\/index.php\/wp-json\/wp\/v2\/comments?post=19"}],"version-history":[{"count":7,"href":"http:\/\/triangle-solution.ch\/index.php\/wp-json\/wp\/v2\/pages\/19\/revisions"}],"predecessor-version":[{"id":38,"href":"http:\/\/triangle-solution.ch\/index.php\/wp-json\/wp\/v2\/pages\/19\/revisions\/38"}],"wp:attachment":[{"href":"http:\/\/triangle-solution.ch\/index.php\/wp-json\/wp\/v2\/media?parent=19"}],"curies":[{"name":"wp","href":"https:\/\/api.w.org\/{rel}","templated":true}]}}