{"id":5,"date":"2019-10-14T15:26:47","date_gmt":"2019-10-14T13:26:47","guid":{"rendered":"http:\/\/triangle-solution.ch\/?page_id=5"},"modified":"2020-01-16T16:48:13","modified_gmt":"2020-01-16T15:48:13","slug":"ts","status":"publish","type":"page","link":"http:\/\/triangle-solution.ch\/","title":{"rendered":"Accueil"},"content":{"rendered":"<h1>D\u00e9veloppons ensemble vos solutions<\/h1>\n<p>Triangle solution propose des conseils et un soutien personnalis\u00e9 aux dirigeants d&rsquo;entreprises et aux collectivit\u00e9s publiques.<\/p>\n<p>Yvon Jeanbourquin partage avec ses clients sa tr\u00e8s riche exp\u00e9rience professionnelle qui lui permet de:<\/p>\n<ul>\n<li>Soutenir le <strong>conseil d&rsquo;administration<\/strong> dans la d\u00e9finition de politiques et de strat\u00e9gies d\u2019entreprise<\/li>\n<li>Conseiller la <strong>direction<\/strong> dans ses d\u00e9cisions et son management des ressources humaines<\/li>\n<li>Accompagner les entreprises en <strong>transition<\/strong><\/li>\n<li>Coacher les cadres menant leurs \u00e9quipes dans un <strong>processus de changement<\/strong><\/li>\n<li>Conduire une institution en phase de <strong>r\u00e9organisation<\/strong><\/li>\n<li>G\u00e9rer et piloter des <strong>projets d&rsquo;envergure<\/strong><\/li>\n<\/ul>\n<p><strong>Vous \u00eates <\/strong><\/p>\n<ul>\n<li>Une collectivit\u00e9 publique<\/li>\n<li>Une institution parapublique, une association ou une fondation de droit priv\u00e9<\/li>\n<li>Une petite et moyenne entreprise<\/li>\n<li>Une grande entreprise de service ou industrielle<\/li>\n<\/ul>\n<p><strong>Vous obtenez<\/strong><\/p>\n<ul>\n<li>Une <strong>analyse et une prise de recul<\/strong> gr\u00e2ce \u00e0 un regard externe, neutre et bienveillant<\/li>\n<li>Des propositions de <strong>solutions simples et pragmatiques<\/strong> \u00e0 des probl\u00e8mes souvent complexes<\/li>\n<li>Une d\u00e9finition <strong>claire<\/strong> dans l&rsquo;organisation de votre <strong>gouvernance<\/strong><\/li>\n<li>Des r\u00e9sultats visant <strong>l&rsquo;efficience et la qualit\u00e9<\/strong> de vos organisations<\/li>\n<li>Des conseils strat\u00e9giques favorisant <strong>l&rsquo;optimisation op\u00e9rationnelle<\/strong> de votre entreprise<\/li>\n<\/ul>\n<p>&nbsp;<\/p>\n","protected":false},"excerpt":{"rendered":"<p>D\u00e9veloppons ensemble vos solutions Triangle solution propose des conseils et un soutien personnalis\u00e9 aux dirigeants d&rsquo;entreprises et aux collectivit\u00e9s publiques. Yvon Jeanbourquin partage avec ses clients sa tr\u00e8s riche exp\u00e9rience professionnelle qui lui permet de: Soutenir le conseil d&rsquo;administration dans la d\u00e9finition de politiques et de strat\u00e9gies d\u2019entreprise Conseiller la direction dans ses d\u00e9cisions et [&hellip;]<\/p>\n","protected":false},"author":1,"featured_media":0,"parent":0,"menu_order":0,"comment_status":"closed","ping_status":"closed","template":"","meta":{"footnotes":""},"class_list":["post-5","page","type-page","status-publish","hentry"],"_links":{"self":[{"href":"http:\/\/triangle-solution.ch\/index.php\/wp-json\/wp\/v2\/pages\/5","targetHints":{"allow":["GET"]}}],"collection":[{"href":"http:\/\/triangle-solution.ch\/index.php\/wp-json\/wp\/v2\/pages"}],"about":[{"href":"http:\/\/triangle-solution.ch\/index.php\/wp-json\/wp\/v2\/types\/page"}],"author":[{"embeddable":true,"href":"http:\/\/triangle-solution.ch\/index.php\/wp-json\/wp\/v2\/users\/1"}],"replies":[{"embeddable":true,"href":"http:\/\/triangle-solution.ch\/index.php\/wp-json\/wp\/v2\/comments?post=5"}],"version-history":[{"count":5,"href":"http:\/\/triangle-solution.ch\/index.php\/wp-json\/wp\/v2\/pages\/5\/revisions"}],"predecessor-version":[{"id":45,"href":"http:\/\/triangle-solution.ch\/index.php\/wp-json\/wp\/v2\/pages\/5\/revisions\/45"}],"wp:attachment":[{"href":"http:\/\/triangle-solution.ch\/index.php\/wp-json\/wp\/v2\/media?parent=5"}],"curies":[{"name":"wp","href":"https:\/\/api.w.org\/{rel}","templated":true}]}}